{"id":779,"date":"2014-03-19T12:12:25","date_gmt":"2014-03-19T12:12:25","guid":{"rendered":"http:\/\/moveria.fi\/?page_id=779"},"modified":"2014-05-12T11:47:28","modified_gmt":"2014-05-12T11:47:28","slug":"cookies","status":"publish","type":"page","link":"https:\/\/moveria.fi\/sv\/cookies\/","title":{"rendered":"Cookies"},"content":{"rendered":"<p><span style=\"font-size: 13px;\">En kaka \u00e4r en textfil som lagras p\u00e5 din dator och som inneh\u00e5ller information.<br \/> Cookien inneh\u00e5ller ingen personlig information eller virus och den kan inte heller f\u00f6rst\u00f6ra annan information p\u00e5 din dator. <br \/>Kakor anv\u00e4nds f\u00f6r att underl\u00e4tta f\u00f6r bes\u00f6karen p\u00e5 webbplatsen.<br \/> Moveria.fi anv\u00e4nder tv\u00e5 sorters kakor. <br \/>Den ena sorten sparar en fil som ligger kvar p\u00e5 din dator.<br \/> Den anv\u00e4nds till exempel f\u00f6r att de inst\u00e4llningar som du g\u00f6r under \u201cInst\u00e4llningar\u201d ska fungera n\u00e4sta g\u00e5ng du kommer hit och att du inte ska beh\u00f6va fylla i dina uppgifter igen. <br \/>Den andra sorten kallas sessionkaka.<br \/> Under tiden du \u00e4r inne p\u00e5 en webbsida, lagras den tempor\u00e4rt i din dators minne.<br \/> Sessionkakor f\u00f6rsvinner n\u00e4r du st\u00e4nger din webbl\u00e4sare. <br \/>Ingen personlig information om dig sparas i kakan.<br \/> Om du inte accepterar anv\u00e4ndandet av kakor kan du st\u00e4nga av det via din webbl\u00e4sares s\u00e4kerhetsinst\u00e4llningar.<br \/> Du kan \u00e4ven st\u00e4lla in webbl\u00e4saren s\u00e5 att du f\u00e5r en varning varje g\u00e5ng webbplatsen f\u00f6rs\u00f6ker s\u00e4tta en kaka p\u00e5 din dator. <br \/>Observera! Om du st\u00e4nger av kakor i din webbl\u00e4sare kan du inte s\u00e5 kommer vissa funktioner inte fungera p\u00e5 Moveria.fi s\u00e5som att spara och g\u00f6ra vissa s\u00f6kningar.<\/span><\/p>\n","protected":false},"excerpt":{"rendered":"<p>En kaka \u00e4r en textfil som lagras p\u00e5 din dator och som inneh\u00e5ller information. Cookien inneh\u00e5ller ingen personlig information eller virus och den kan inte&#8230;<\/p>\n","protected":false},"author":21,"featured_media":0,"parent":0,"menu_order":0,"comment_status":"open","ping_status":"open","template":"template-terms-and-condition.php","meta":{"jetpack_post_was_ever_published":false,"_breakdance_hide_in_design_set":false,"_breakdance_tags":"","footnotes":""},"class_list":["post-779","page","type-page","status-publish","hentry"],"yoast_head":"<!-- This site is optimized with the Yoast SEO plugin v26.1.1 - https:\/\/yoast.com\/wordpress\/plugins\/seo\/ -->\n<title>Moveria<\/title>\n<meta name=\"robots\" content=\"index, follow, max-snippet:-1, max-image-preview:large, max-video-preview:-1\" \/>\n<link rel=\"canonical\" href=\"https:\/\/moveria.fi\/sv\/cookies\/\" \/>\n<meta property=\"og:locale\" content=\"sv_SE\" \/>\n<meta property=\"og:type\" content=\"article\" \/>\n<meta property=\"og:title\" content=\"Cookies - Moveria\" \/>\n<meta property=\"og:description\" content=\"En kaka \u00e4r en textfil som lagras p\u00e5 din dator och som inneh\u00e5ller information. Cookien inneh\u00e5ller ingen personlig information eller virus och den kan inte...\" \/>\n<meta property=\"og:url\" content=\"https:\/\/moveria.fi\/sv\/cookies\/\" \/>\n<meta property=\"og:site_name\" content=\"Moveria\" \/>\n<meta property=\"article:modified_time\" content=\"2014-05-12T11:47:28+00:00\" \/>\n<meta name=\"twitter:label1\" content=\"Ber\u00e4knad l\u00e4stid\" \/>\n\t<meta name=\"twitter:data1\" content=\"1 minut\" \/>\n<script type=\"application\/ld+json\" class=\"yoast-schema-graph\">{\"@context\":\"https:\/\/schema.org\",\"@graph\":[{\"@type\":\"WebPage\",\"@id\":\"https:\/\/moveria.fi\/sv\/cookies\/\",\"url\":\"https:\/\/moveria.fi\/sv\/cookies\/\",\"name\":\"Cookies - Moveria\",\"isPartOf\":{\"@id\":\"https:\/\/moveria.fi\/sv\/#website\"},\"datePublished\":\"2014-03-19T12:12:25+00:00\",\"dateModified\":\"2014-05-12T11:47:28+00:00\",\"breadcrumb\":{\"@id\":\"https:\/\/moveria.fi\/sv\/cookies\/#breadcrumb\"},\"inLanguage\":\"sv-SE\",\"potentialAction\":[{\"@type\":\"ReadAction\",\"target\":[\"https:\/\/moveria.fi\/sv\/cookies\/\"]}]},{\"@type\":\"BreadcrumbList\",\"@id\":\"https:\/\/moveria.fi\/sv\/cookies\/#breadcrumb\",\"itemListElement\":[{\"@type\":\"ListItem\",\"position\":1,\"name\":\"Hem\",\"item\":\"https:\/\/moveria.fi\/sv\/\"},{\"@type\":\"ListItem\",\"position\":2,\"name\":\"Cookies\"}]},{\"@type\":\"WebSite\",\"@id\":\"https:\/\/moveria.fi\/sv\/#website\",\"url\":\"https:\/\/moveria.fi\/sv\/\",\"name\":\"Moveria\",\"description\":\"Moveria\",\"potentialAction\":[{\"@type\":\"SearchAction\",\"target\":{\"@type\":\"EntryPoint\",\"urlTemplate\":\"https:\/\/moveria.fi\/sv\/?s={search_term_string}\"},\"query-input\":{\"@type\":\"PropertyValueSpecification\",\"valueRequired\":true,\"valueName\":\"search_term_string\"}}],\"inLanguage\":\"sv-SE\"}]}<\/script>\n<!-- \/ Yoast SEO plugin. -->","yoast_head_json":{"title":"Moveria","robots":{"index":"index","follow":"follow","max-snippet":"max-snippet:-1","max-image-preview":"max-image-preview:large","max-video-preview":"max-video-preview:-1"},"canonical":"https:\/\/moveria.fi\/sv\/cookies\/","og_locale":"sv_SE","og_type":"article","og_title":"Cookies - Moveria","og_description":"En kaka \u00e4r en textfil som lagras p\u00e5 din dator och som inneh\u00e5ller information. Cookien inneh\u00e5ller ingen personlig information eller virus och den kan inte...","og_url":"https:\/\/moveria.fi\/sv\/cookies\/","og_site_name":"Moveria","article_modified_time":"2014-05-12T11:47:28+00:00","twitter_misc":{"Ber\u00e4knad l\u00e4stid":"1 minut"},"schema":{"@context":"https:\/\/schema.org","@graph":[{"@type":"WebPage","@id":"https:\/\/moveria.fi\/sv\/cookies\/","url":"https:\/\/moveria.fi\/sv\/cookies\/","name":"Cookies - Moveria","isPartOf":{"@id":"https:\/\/moveria.fi\/sv\/#website"},"datePublished":"2014-03-19T12:12:25+00:00","dateModified":"2014-05-12T11:47:28+00:00","breadcrumb":{"@id":"https:\/\/moveria.fi\/sv\/cookies\/#breadcrumb"},"inLanguage":"sv-SE","potentialAction":[{"@type":"ReadAction","target":["https:\/\/moveria.fi\/sv\/cookies\/"]}]},{"@type":"BreadcrumbList","@id":"https:\/\/moveria.fi\/sv\/cookies\/#breadcrumb","itemListElement":[{"@type":"ListItem","position":1,"name":"Hem","item":"https:\/\/moveria.fi\/sv\/"},{"@type":"ListItem","position":2,"name":"Cookies"}]},{"@type":"WebSite","@id":"https:\/\/moveria.fi\/sv\/#website","url":"https:\/\/moveria.fi\/sv\/","name":"Moveria","description":"Moveria","potentialAction":[{"@type":"SearchAction","target":{"@type":"EntryPoint","urlTemplate":"https:\/\/moveria.fi\/sv\/?s={search_term_string}"},"query-input":{"@type":"PropertyValueSpecification","valueRequired":true,"valueName":"search_term_string"}}],"inLanguage":"sv-SE"}]}},"jetpack_sharing_enabled":true,"jetpack_shortlink":"https:\/\/wp.me\/P7GBNz-cz","_links":{"self":[{"href":"https:\/\/moveria.fi\/sv\/wp-json\/wp\/v2\/pages\/779","targetHints":{"allow":["GET"]}}],"collection":[{"href":"https:\/\/moveria.fi\/sv\/wp-json\/wp\/v2\/pages"}],"about":[{"href":"https:\/\/moveria.fi\/sv\/wp-json\/wp\/v2\/types\/page"}],"author":[{"embeddable":true,"href":"https:\/\/moveria.fi\/sv\/wp-json\/wp\/v2\/users\/21"}],"replies":[{"embeddable":true,"href":"https:\/\/moveria.fi\/sv\/wp-json\/wp\/v2\/comments?post=779"}],"version-history":[{"count":0,"href":"https:\/\/moveria.fi\/sv\/wp-json\/wp\/v2\/pages\/779\/revisions"}],"wp:attachment":[{"href":"https:\/\/moveria.fi\/sv\/wp-json\/wp\/v2\/media?parent=779"}],"curies":[{"name":"wp","href":"https:\/\/api.w.org\/{rel}","templated":true}]}}