{"id":799,"date":"2014-03-19T12:24:32","date_gmt":"2014-03-19T12:24:32","guid":{"rendered":"http:\/\/moveria.fi\/?page_id=799"},"modified":"2014-06-18T12:52:35","modified_gmt":"2014-06-18T12:52:35","slug":"kontakta-oss","status":"publish","type":"page","link":"https:\/\/moveria.fi\/sv\/kontakta-oss\/","title":{"rendered":"Kontakta oss"},"content":{"rendered":"<p>Du \u00e4r v\u00e4lkommen att kontakta Moveria.<\/p>\n<p>KUNDSERVICE<br \/>kundservice@moveria.fi<\/p>\n<p>POSTADRESS<br \/> Moveria AB <br \/>Jordgr\u00e4nd 46 <br \/>192 74 SOLLENTUNA <br \/>Sverige\u00a0<\/p>\n<p><strong>Mattias Ejbe<\/strong> <br \/>VD<br \/><span style=\"color: #ff9900;\"><a href=\"mailto:mattias.ejbe@moveria.se\"><span style=\"color: #ff9900;\">mattias.ejbe@moveria.se<\/span><\/a><\/span><br \/>+46 76 &#8211; 138 52 80<\/p>\n<p><strong>Katarina<br \/><\/strong>Kommunikat\u00f6r<br \/><span style=\"color: #ff9900;\"><a href=\"mailto:katarina@moveria.fi\"><span style=\"color: #ff9900;\">katarina@moveria.fi<\/span><\/a><\/span><\/p>\n","protected":false},"excerpt":{"rendered":"<p>Du \u00e4r v\u00e4lkommen att kontakta Moveria. KUNDSERVICEkundservice@moveria.fi POSTADRESS Moveria AB Jordgr\u00e4nd 46 192 74 SOLLENTUNA Sverige\u00a0 Mattias Ejbe VDmattias.ejbe@moveria.se+46 76 &#8211; 138 52 80 KatarinaKommunikat\u00f6rkatarina@moveria.fi<\/p>\n","protected":false},"author":21,"featured_media":0,"parent":0,"menu_order":0,"comment_status":"closed","ping_status":"closed","template":"","meta":{"jetpack_post_was_ever_published":false,"_breakdance_hide_in_design_set":false,"_breakdance_tags":"","footnotes":""},"class_list":["post-799","page","type-page","status-publish","hentry"],"yoast_head":"<!-- This site is optimized with the Yoast SEO plugin v26.1.1 - https:\/\/yoast.com\/wordpress\/plugins\/seo\/ -->\n<title>Moveria<\/title>\n<meta name=\"robots\" content=\"index, follow, max-snippet:-1, max-image-preview:large, max-video-preview:-1\" \/>\n<link rel=\"canonical\" href=\"https:\/\/moveria.fi\/sv\/kontakta-oss\/\" \/>\n<meta property=\"og:locale\" content=\"sv_SE\" \/>\n<meta property=\"og:type\" content=\"article\" \/>\n<meta property=\"og:title\" content=\"Kontakta oss - Moveria\" \/>\n<meta property=\"og:description\" content=\"Du \u00e4r v\u00e4lkommen att kontakta Moveria. KUNDSERVICEkundservice@moveria.fi POSTADRESS Moveria AB Jordgr\u00e4nd 46 192 74 SOLLENTUNA Sverige\u00a0 Mattias Ejbe VDmattias.ejbe@moveria.se+46 76 &#8211; 138 52 80 KatarinaKommunikat\u00f6rkatarina@moveria.fi\" \/>\n<meta property=\"og:url\" content=\"https:\/\/moveria.fi\/sv\/kontakta-oss\/\" \/>\n<meta property=\"og:site_name\" content=\"Moveria\" \/>\n<meta property=\"article:modified_time\" content=\"2014-06-18T12:52:35+00:00\" \/>\n<script type=\"application\/ld+json\" class=\"yoast-schema-graph\">{\"@context\":\"https:\/\/schema.org\",\"@graph\":[{\"@type\":\"WebPage\",\"@id\":\"https:\/\/moveria.fi\/sv\/kontakta-oss\/\",\"url\":\"https:\/\/moveria.fi\/sv\/kontakta-oss\/\",\"name\":\"Kontakta oss - Moveria\",\"isPartOf\":{\"@id\":\"https:\/\/moveria.fi\/sv\/#website\"},\"datePublished\":\"2014-03-19T12:24:32+00:00\",\"dateModified\":\"2014-06-18T12:52:35+00:00\",\"breadcrumb\":{\"@id\":\"https:\/\/moveria.fi\/sv\/kontakta-oss\/#breadcrumb\"},\"inLanguage\":\"sv-SE\",\"potentialAction\":[{\"@type\":\"ReadAction\",\"target\":[\"https:\/\/moveria.fi\/sv\/kontakta-oss\/\"]}]},{\"@type\":\"BreadcrumbList\",\"@id\":\"https:\/\/moveria.fi\/sv\/kontakta-oss\/#breadcrumb\",\"itemListElement\":[{\"@type\":\"ListItem\",\"position\":1,\"name\":\"Hem\",\"item\":\"https:\/\/moveria.fi\/sv\/\"},{\"@type\":\"ListItem\",\"position\":2,\"name\":\"Kontakta oss\"}]},{\"@type\":\"WebSite\",\"@id\":\"https:\/\/moveria.fi\/sv\/#website\",\"url\":\"https:\/\/moveria.fi\/sv\/\",\"name\":\"Moveria\",\"description\":\"Moveria\",\"potentialAction\":[{\"@type\":\"SearchAction\",\"target\":{\"@type\":\"EntryPoint\",\"urlTemplate\":\"https:\/\/moveria.fi\/sv\/?s={search_term_string}\"},\"query-input\":{\"@type\":\"PropertyValueSpecification\",\"valueRequired\":true,\"valueName\":\"search_term_string\"}}],\"inLanguage\":\"sv-SE\"}]}<\/script>\n<!-- \/ Yoast SEO plugin. -->","yoast_head_json":{"title":"Moveria","robots":{"index":"index","follow":"follow","max-snippet":"max-snippet:-1","max-image-preview":"max-image-preview:large","max-video-preview":"max-video-preview:-1"},"canonical":"https:\/\/moveria.fi\/sv\/kontakta-oss\/","og_locale":"sv_SE","og_type":"article","og_title":"Kontakta oss - Moveria","og_description":"Du \u00e4r v\u00e4lkommen att kontakta Moveria. KUNDSERVICEkundservice@moveria.fi POSTADRESS Moveria AB Jordgr\u00e4nd 46 192 74 SOLLENTUNA Sverige\u00a0 Mattias Ejbe VDmattias.ejbe@moveria.se+46 76 &#8211; 138 52 80 KatarinaKommunikat\u00f6rkatarina@moveria.fi","og_url":"https:\/\/moveria.fi\/sv\/kontakta-oss\/","og_site_name":"Moveria","article_modified_time":"2014-06-18T12:52:35+00:00","schema":{"@context":"https:\/\/schema.org","@graph":[{"@type":"WebPage","@id":"https:\/\/moveria.fi\/sv\/kontakta-oss\/","url":"https:\/\/moveria.fi\/sv\/kontakta-oss\/","name":"Kontakta oss - Moveria","isPartOf":{"@id":"https:\/\/moveria.fi\/sv\/#website"},"datePublished":"2014-03-19T12:24:32+00:00","dateModified":"2014-06-18T12:52:35+00:00","breadcrumb":{"@id":"https:\/\/moveria.fi\/sv\/kontakta-oss\/#breadcrumb"},"inLanguage":"sv-SE","potentialAction":[{"@type":"ReadAction","target":["https:\/\/moveria.fi\/sv\/kontakta-oss\/"]}]},{"@type":"BreadcrumbList","@id":"https:\/\/moveria.fi\/sv\/kontakta-oss\/#breadcrumb","itemListElement":[{"@type":"ListItem","position":1,"name":"Hem","item":"https:\/\/moveria.fi\/sv\/"},{"@type":"ListItem","position":2,"name":"Kontakta oss"}]},{"@type":"WebSite","@id":"https:\/\/moveria.fi\/sv\/#website","url":"https:\/\/moveria.fi\/sv\/","name":"Moveria","description":"Moveria","potentialAction":[{"@type":"SearchAction","target":{"@type":"EntryPoint","urlTemplate":"https:\/\/moveria.fi\/sv\/?s={search_term_string}"},"query-input":{"@type":"PropertyValueSpecification","valueRequired":true,"valueName":"search_term_string"}}],"inLanguage":"sv-SE"}]}},"jetpack_sharing_enabled":true,"jetpack_shortlink":"https:\/\/wp.me\/P7GBNz-cT","_links":{"self":[{"href":"https:\/\/moveria.fi\/sv\/wp-json\/wp\/v2\/pages\/799","targetHints":{"allow":["GET"]}}],"collection":[{"href":"https:\/\/moveria.fi\/sv\/wp-json\/wp\/v2\/pages"}],"about":[{"href":"https:\/\/moveria.fi\/sv\/wp-json\/wp\/v2\/types\/page"}],"author":[{"embeddable":true,"href":"https:\/\/moveria.fi\/sv\/wp-json\/wp\/v2\/users\/21"}],"replies":[{"embeddable":true,"href":"https:\/\/moveria.fi\/sv\/wp-json\/wp\/v2\/comments?post=799"}],"version-history":[{"count":0,"href":"https:\/\/moveria.fi\/sv\/wp-json\/wp\/v2\/pages\/799\/revisions"}],"wp:attachment":[{"href":"https:\/\/moveria.fi\/sv\/wp-json\/wp\/v2\/media?parent=799"}],"curies":[{"name":"wp","href":"https:\/\/api.w.org\/{rel}","templated":true}]}}